{"id":2482,"date":"2023-03-21T12:09:52","date_gmt":"2023-03-21T15:09:52","guid":{"rendered":"https:\/\/motors.cl\/catalogo\/?page_id=2482"},"modified":"2024-05-14T19:56:44","modified_gmt":"2024-05-14T22:56:44","slug":"alineacion","status":"publish","type":"page","link":"https:\/\/motors.cl\/catalogo\/detalle-servicio\/alineacion\/","title":{"rendered":"Alineaci\u00f3n"},"content":{"rendered":"<p>[vc_row css_animation=\u00bb\u00bb row_type=\u00bbrow\u00bb use_row_as_full_screen_section=\u00bbno\u00bb type=\u00bbfull_width\u00bb angled_section=\u00bbno\u00bb text_align=\u00bbleft\u00bb background_image_as_pattern=\u00bbwithout_pattern\u00bb][vc_column][vc_column_text][\/vc_column_text][\/vc_column][\/vc_row][vc_row css_animation=\u00bb\u00bb row_type=\u00bbrow\u00bb use_row_as_full_screen_section=\u00bbno\u00bb type=\u00bbgrid\u00bb angled_section=\u00bbno\u00bb text_align=\u00bbleft\u00bb background_image_as_pattern=\u00bbwithout_pattern\u00bb z_index=\u00bb\u00bb padding_top=\u00bb20&#8243; background_color=\u00bb#c62114&#8243; padding_bottom=\u00bb20&#8243;][vc_column][vc_raw_html]JTVCeHl6LWlwcyUyMHNuaXBwZXQlM0QlMjJzZXQtaWQtMSUyMiU1RA==[\/vc_raw_html][vc_raw_html]JTVCeHl6LWlwcyUyMHNuaXBwZXQlM0QlMjJidXNjYWRvci1zZXJ2aWNpb3MlMjIlNUQ=[\/vc_raw_html][\/vc_column][\/vc_row][vc_row css_animation=\u00bb\u00bb row_type=\u00bbrow\u00bb use_row_as_full_screen_section=\u00bbno\u00bb type=\u00bbgrid\u00bb angled_section=\u00bbno\u00bb text_align=\u00bbleft\u00bb background_image_as_pattern=\u00bbwithout_pattern\u00bb z_index=\u00bb\u00bb padding_top=\u00bb34&#8243; padding_bottom=\u00bb60&#8243;][vc_column][vc_column_text el_class=\u00bbtext-servicio\u00bb]<\/p>\n<h2>Alineaci\u00f3n<\/h2>\n<p>Si pronto te toca realizar la Revisi\u00f3n T\u00e9cnica, o quiz\u00e1s tuviste un golpe en las llantas, pasaste por un bache muy grande sin quererlo o por un peque\u00f1o accidente, o notas alguno de los siguientes s\u00edntomas:<\/p>\n<p>El manubrio no est\u00e1 centrado, desgaste anormal de los neum\u00e1ticos, la conducci\u00f3n se siente forzada y agotadora, el manubrio no vuelve al centro, o vibraci\u00f3n.<\/p>\n<p>Entonces este servicio es el que tu auto necesita.<\/p>\n<h2>Alineaci\u00f3n en Authi\u00e8vre Motors:<\/h2>\n<p>El servicio de alineaci\u00f3n tarda algunos minutos y se realiza mediante sistemas computarizados. Cada revisi\u00f3n mide los \u00e1ngulos de pisada de los neum\u00e1ticos para corregirlos y llevarlos posteriormente a los valores dictaminados por el fabricante<\/p>\n<p>En Authi\u00e8vre Motors contamos con m\u00e1quinas alineadoras de \u00faltima generaci\u00f3n cuyos software son actualizados constantemente.<\/p>\n<p>La alineaci\u00f3n te permitir\u00e1 manejar tu veh\u00edculo con mayor facilidad, porque este ir\u00e1 en la direcci\u00f3n correcta y lo podr\u00e1s conducir mejor, adem\u00e1s ser\u00e1 mucho m\u00e1s seguro.[\/vc_column_text][\/vc_column][\/vc_row][vc_row css_animation=\u00bb\u00bb row_type=\u00bbrow\u00bb use_row_as_full_screen_section=\u00bbno\u00bb type=\u00bbgrid\u00bb angled_section=\u00bbno\u00bb text_align=\u00bbleft\u00bb background_image_as_pattern=\u00bbwithout_pattern\u00bb z_index=\u00bb\u00bb css=\u00bb.vc_custom_1679363061686{padding-bottom: 50px !important;}\u00bb][vc_column width=\u00bb1\/3&#8243;][vc_single_image image=\u00bb2453&#8243; img_size=\u00bblarge\u00bb qode_css_animation=\u00bb\u00bb][\/vc_column][vc_column width=\u00bb2\/3&#8243; css=\u00bb.vc_custom_1679359332938{padding: 25px !important;}\u00bb][vc_column_text el_class=\u00bbtext-servicio\u00bb]A pesar que tu auto no presente las se\u00f1ales antes mencionadas, es recomendable que la alineaci\u00f3n se haga una vez al a\u00f1o o cada 10.000 kil\u00f3metros.<\/p>\n<p>En caso de que no, tu volante tender\u00e1 a irse hacia un lado, o bien, nunca regresar\u00e1 a su posici\u00f3n original despu\u00e9s de girarlo, lo cual tarde o temprano generar\u00e1 un desgaste irregular.[\/vc_column_text][\/vc_column][\/vc_row][vc_row css_animation=\u00bb\u00bb row_type=\u00bbrow\u00bb use_row_as_full_screen_section=\u00bbno\u00bb type=\u00bbgrid\u00bb angled_section=\u00bbno\u00bb text_align=\u00bbleft\u00bb background_image_as_pattern=\u00bbwithout_pattern\u00bb z_index=\u00bb\u00bb css=\u00bb.vc_custom_1679359381090{padding: 10px !important;background-color: #b52424 !important;}\u00bb][vc_column][vc_empty_space][vc_column_text]<\/p>\n<h2 style=\"text-align: center;\"><span style=\"color: #ffffff;\">\u00bfC\u00f3mo comprar online en Authievre Motors?<\/span><\/h2>\n<p>[\/vc_column_text][vc_empty_space][vc_row_inner row_type=\u00bbrow\u00bb type=\u00bbfull_width\u00bb text_align=\u00bbleft\u00bb css_animation=\u00bb\u00bb css=\u00bb.vc_custom_1679366864322{border-bottom-width: 32px !important;}\u00bb][vc_column_inner width=\u00bb1\/5&#8243;][vc_single_image image=\u00bb2322&#8243; img_size=\u00bbfull\u00bb alignment=\u00bbcenter\u00bb qode_css_animation=\u00bb\u00bb][vc_column_text]<\/p>\n<p style=\"text-align: center;\"><span style=\"color: #ffffff;\">Elige el servicios que\u00a0est\u00e1s buscando<\/span><\/p>\n<p>[\/vc_column_text][\/vc_column_inner][vc_column_inner width=\u00bb1\/5&#8243;][vc_single_image image=\u00bb2324&#8243; img_size=\u00bbfull\u00bb alignment=\u00bbcenter\u00bb qode_css_animation=\u00bb\u00bb][vc_column_text]<\/p>\n<p style=\"text-align: center;\"><span style=\"color: #ffffff;\">Selecciona modelo de tu veh\u00edculo<\/span><\/p>\n<p>[\/vc_column_text][\/vc_column_inner][vc_column_inner width=\u00bb1\/5&#8243;][vc_single_image image=\u00bb2326&#8243; img_size=\u00bbfull\u00bb alignment=\u00bbcenter\u00bb qode_css_animation=\u00bb\u00bb][vc_column_text]<\/p>\n<p style=\"text-align: center;\"><span style=\"color: #ffffff;\">A\u00f1ade servicio al carro de compras, presiona \u201cir a pagar\u201d<\/span><\/p>\n<p>[\/vc_column_text][\/vc_column_inner][vc_column_inner width=\u00bb1\/5&#8243;][vc_single_image image=\u00bb2338&#8243; img_size=\u00bbfull\u00bb alignment=\u00bbcenter\u00bb qode_css_animation=\u00bb\u00bb][vc_column_text]<\/p>\n<p style=\"text-align: center;\"><span style=\"color: #ffffff;\">Selecciona sucursal y fecha de instalaci\u00f3n o retiro<\/span><\/p>\n<p>[\/vc_column_text][\/vc_column_inner][vc_column_inner width=\u00bb1\/5&#8243;][vc_single_image image=\u00bb2340&#8243; img_size=\u00bbfull\u00bb alignment=\u00bbcenter\u00bb qode_css_animation=\u00bb\u00bb][vc_column_text]<\/p>\n<p style=\"text-align: center;\"><span style=\"color: #ffffff;\">Procede al pago r\u00e1pido y seguro<\/span><\/p>\n<p>[\/vc_column_text][\/vc_column_inner][\/vc_row_inner][vc_empty_space][\/vc_column][\/vc_row][vc_row css_animation=\u00bb\u00bb row_type=\u00bbrow\u00bb use_row_as_full_screen_section=\u00bbno\u00bb type=\u00bbgrid\u00bb angled_section=\u00bbno\u00bb text_align=\u00bbleft\u00bb background_image_as_pattern=\u00bbwithout_pattern\u00bb z_index=\u00bb\u00bb css=\u00bb.vc_custom_1679362982712{padding-top: 30px !important;padding-bottom: 30px !important;background-color: #e2e2e2 !important;}\u00bb][vc_column width=\u00bb2\/3&#8243; css=\u00bb.vc_custom_1679362926904{padding-top: 20px !important;padding-right: 20px !important;padding-bottom: 20px !important;padding-left: 20px !important;}\u00bb][vc_empty_space][vc_column_text el_class=\u00bbtext-servicio\u00bb]<\/p>\n<h2><span style=\"color: #000000;\"><b>\u00bfSAB\u00cdAS QUE?<\/b><\/span><\/h2>\n<p>Es el proceso en el que se ajustan las ruedas de un veh\u00edculo para que miren hacia el frente, es decir, las ruedas de tu auto deben quedar paralelas entre s\u00ed y perpendiculares al camino.[\/vc_column_text][\/vc_column][vc_column width=\u00bb1\/3&#8243;][vc_single_image image=\u00bb2492&#8243; img_size=\u00bbfull\u00bb qode_css_animation=\u00bb\u00bb][\/vc_column][\/vc_row][vc_row css_animation=\u00bb\u00bb row_type=\u00bbrow\u00bb use_row_as_full_screen_section=\u00bbno\u00bb type=\u00bbgrid\u00bb angled_section=\u00bbno\u00bb text_align=\u00bbleft\u00bb background_image_as_pattern=\u00bbwithout_pattern\u00bb z_index=\u00bb\u00bb css=\u00bb.vc_custom_1679359381090{padding: 10px !important;background-color: #b52424 !important;}\u00bb][vc_column width=\u00bb1\/4&#8243;][vc_single_image image=\u00bb2261&#8243; img_size=\u00bblarge\u00bb qode_css_animation=\u00bb\u00bb][\/vc_column][vc_column width=\u00bb3\/4&#8243; css=\u00bb.vc_custom_1679359413827{padding-top: 25px !important;}\u00bb][vc_column_text el_class=\u00bbtext-servicio\u00bb]<span style=\"color: #ffffff;\">Garant\u00eda<\/span><\/p>\n<p><span style=\"color: #ffffff;\">Si no quedaste contento con el servicio y piensas que algo no qued\u00f3 lo suficientemente bien con tu auto, lo solucionamos. Adem\u00e1s, los neum\u00e1ticos y repuestos cuentan con garant\u00eda.<\/span>[\/vc_column_text][\/vc_column][\/vc_row][vc_row css_animation=\u00bb\u00bb row_type=\u00bbrow\u00bb use_row_as_full_screen_section=\u00bbno\u00bb type=\u00bbgrid\u00bb angled_section=\u00bbno\u00bb text_align=\u00bbcenter\u00bb background_image_as_pattern=\u00bbwithout_pattern\u00bb padding_top=\u00bb60&#8243; padding_bottom=\u00bb30&#8243; css=\u00bb.vc_custom_1687301590922{background-color: #fdc202 !important;}\u00bb z_index=\u00bb\u00bb][vc_column width=\u00bb1\/2&#8243;][vc_empty_space height=\u00bb15&#8243;][vc_column_text]<\/p>\n<h1>Tienes Consultas?<\/h1>\n<h5>Un experto te asesorar\u00e1.<\/h5>\n<p>[\/vc_column_text][vc_empty_space height=\u00bb30px\u00bb][\/vc_column][vc_column width=\u00bb1\/6&#8243;][vc_empty_space height=\u00bb15&#8243;]<a  itemprop=\"url\" href=\"tel:+56222226544\" target=\"_self\" data-hover-background-color=#000000 data-hover-border-color=#000000  class=\"qbutton  default\" style=\"border-color: #ffffff; background-color: #ffffff;\">Tel\u00e9fono<i class=\"qodef-icon-dripicons dripicon dripicons-phone qode_button_icon_element\" style=\"\" ><\/i><\/a>[vc_empty_space height=\u00bb30px\u00bb][\/vc_column][vc_column width=\u00bb1\/6&#8243;][vc_empty_space height=\u00bb15&#8243;]<a  itemprop=\"url\" href=\"https:\/\/api.whatsapp.com\/send\/?phone=56983511677&amp;text&amp;type=phone_number&amp;app_absent=0\" target=\"_blank\" data-hover-background-color=#000000 data-hover-border-color=#000000  class=\"qbutton  default\" style=\"border-color: #f4f4f4; background-color: #ffffff;\">Whatsaap<i class=\"qode_icon_font_awesome fa fa-whatsapp qode_button_icon_element\" style=\"\" ><\/i><\/a>[vc_empty_space height=\u00bb30px\u00bb][\/vc_column][vc_column width=\u00bb1\/6&#8243;][vc_empty_space height=\u00bb15&#8243;]<a  itemprop=\"url\" href=\"https:\/\/motors.cl\/catalogo\/contacto\/\" target=\"_blank\" data-hover-background-color=#000000 data-hover-border-color=#000000  class=\"qbutton  default\" style=\"border-color: #ffffff; background-color: #ffffff;\">Contacto<i class=\"qode_icon_font_awesome fa fa-envelope-o qode_button_icon_element\" style=\"\" ><\/i><\/a>[vc_empty_space height=\u00bb30px\u00bb][\/vc_column][\/vc_row]<\/p>\n","protected":false},"excerpt":{"rendered":"<p>[vc_row css_animation=\u00bb\u00bb row_type=\u00bbrow\u00bb use_row_as_full_screen_section=\u00bbno\u00bb type=\u00bbfull_width\u00bb angled_section=\u00bbno\u00bb text_align=\u00bbleft\u00bb background_image_as_pattern=\u00bbwithout_pattern\u00bb][vc_column][vc_column_text][\/vc_column_text][\/vc_column][\/vc_row][vc_row css_animation=\u00bb\u00bb row_type=\u00bbrow\u00bb use_row_as_full_screen_section=\u00bbno\u00bb type=\u00bbgrid\u00bb angled_section=\u00bbno\u00bb text_align=\u00bbleft\u00bb background_image_as_pattern=\u00bbwithout_pattern\u00bb z_index=\u00bb\u00bb padding_top=\u00bb20&#8243; background_color=\u00bb#c62114&#8243; padding_bottom=\u00bb20&#8243;][vc_column][vc_raw_html]JTVCeHl6LWlwcyUyMHNuaXBwZXQlM0QlMjJzZXQtaWQtMSUyMiU1RA==[\/vc_raw_html][vc_raw_html]JTVCeHl6LWlwcyUyMHNuaXBwZXQlM0QlMjJidXNjYWRvci1zZXJ2aWNpb3MlMjIlNUQ=[\/vc_raw_html][\/vc_column][\/vc_row][vc_row css_animation=\u00bb\u00bb row_type=\u00bbrow\u00bb use_row_as_full_screen_section=\u00bbno\u00bb type=\u00bbgrid\u00bb angled_section=\u00bbno\u00bb text_align=\u00bbleft\u00bb background_image_as_pattern=\u00bbwithout_pattern\u00bb z_index=\u00bb\u00bb padding_top=\u00bb34&#8243; padding_bottom=\u00bb60&#8243;][vc_column][vc_column_text el_class=\u00bbtext-servicio\u00bb] Alineaci\u00f3n Si pronto te toca realizar la Revisi\u00f3n T\u00e9cnica, o quiz\u00e1s tuviste un golpe en&#8230;<\/p>\n","protected":false},"author":3,"featured_media":0,"parent":781,"menu_order":0,"comment_status":"closed","ping_status":"closed","template":"full_width.php","meta":[],"_links":{"self":[{"href":"https:\/\/motors.cl\/catalogo\/wp-json\/wp\/v2\/pages\/2482"}],"collection":[{"href":"https:\/\/motors.cl\/catalogo\/wp-json\/wp\/v2\/pages"}],"about":[{"href":"https:\/\/motors.cl\/catalogo\/wp-json\/wp\/v2\/types\/page"}],"author":[{"embeddable":true,"href":"https:\/\/motors.cl\/catalogo\/wp-json\/wp\/v2\/users\/3"}],"replies":[{"embeddable":true,"href":"https:\/\/motors.cl\/catalogo\/wp-json\/wp\/v2\/comments?post=2482"}],"version-history":[{"count":18,"href":"https:\/\/motors.cl\/catalogo\/wp-json\/wp\/v2\/pages\/2482\/revisions"}],"predecessor-version":[{"id":2815,"href":"https:\/\/motors.cl\/catalogo\/wp-json\/wp\/v2\/pages\/2482\/revisions\/2815"}],"up":[{"embeddable":true,"href":"https:\/\/motors.cl\/catalogo\/wp-json\/wp\/v2\/pages\/781"}],"wp:attachment":[{"href":"https:\/\/motors.cl\/catalogo\/wp-json\/wp\/v2\/media?parent=2482"}],"curies":[{"name":"wp","href":"https:\/\/api.w.org\/{rel}","templated":true}]}}