{"id":132,"date":"2018-01-12T08:02:15","date_gmt":"2018-01-12T11:02:15","guid":{"rendered":"http:\/\/bridge129.qodeinteractive.com\/?page_id=132"},"modified":"2024-11-14T15:28:38","modified_gmt":"2024-11-14T18:28:38","slug":"empresa","status":"publish","type":"page","link":"https:\/\/motors.cl\/catalogo\/empresa\/","title":{"rendered":"Empresa"},"content":{"rendered":"<p>[vc_row css_animation=\u00bb\u00bb row_type=\u00bbrow\u00bb use_row_as_full_screen_section=\u00bbno\u00bb type=\u00bbgrid\u00bb angled_section=\u00bbno\u00bb text_align=\u00bbleft\u00bb background_image_as_pattern=\u00bbwithout_pattern\u00bb z_index=\u00bb\u00bb css=\u00bb.vc_custom_1616532478933{background-color: #ffffff !important;}\u00bb][vc_column offset=\u00bbvc_hidden-sm vc_hidden-xs\u00bb]\n\t\t\t<!-- START Nosotros REVOLUTION SLIDER 6.1.2 --><p class=\"rs-p-wp-fix\"><\/p>\n\t\t\t<rs-module-wrap id=\"rev_slider_6_1_wrapper\" data-source=\"gallery\" style=\"background:#ffffff;padding:0;margin:0px auto;margin-top:0;margin-bottom:0;\">\n\t\t\t\t<rs-module id=\"rev_slider_6_1\" style=\"display:none;\" data-version=\"6.1.2\">\n\t\t\t\t\t<rs-slides>\n\t\t\t\t\t\t<rs-slide data-key=\"rs-64\" data-title=\"descuento neumaticos\" data-anim=\"ei:d;eo:d;s:600;r:0;t:fade;sl:d;\" data-firstanim=\"t:fade;s:300;sl:7;\">\n\t\t\t\t\t\t\t<img src=\"\/\/motors.cl\/catalogo\/wp-content\/uploads\/2023\/02\/header_porque_elegirnos.jpg\" title=\"header_porque_elegirnos\" width=\"1301\" height=\"552\" data-bg=\"p:center top;\" class=\"rev-slidebg\" data-no-retina>\n<!--\n\t\t\t\t\t\t\t--><rs-layer\n\t\t\t\t\t\t\t\tid=\"slider-6-slide-64-layer-36\" \n\t\t\t\t\t\t\t\tdata-type=\"image\"\n\t\t\t\t\t\t\t\tdata-rsp_ch=\"on\"\n\t\t\t\t\t\t\t\tdata-xy=\"xo:98px,89px,62px,33px;yo:176px,160px,112px,59px;\"\n\t\t\t\t\t\t\t\tdata-text=\"w:normal;s:20,18,12,6;l:0,22,15,8;\"\n\t\t\t\t\t\t\t\tdata-dim=\"w:560px,512px,360px,192px;h:83px,75px,52px,27px;\"\n\t\t\t\t\t\t\t\tdata-frame_999=\"o:0;st:w;\"\n\t\t\t\t\t\t\t\tstyle=\"z-index:11;font-family:Roboto;\"\n\t\t\t\t\t\t\t><img src=\"\/\/motors.cl\/catalogo\/wp-content\/uploads\/2023\/02\/texto.png\" width=\"560\" height=\"83\" data-no-retina> \n\t\t\t\t\t\t\t<\/rs-layer><!--\n-->\t\t\t\t\t\t<\/rs-slide>\n\t\t\t\t\t<\/rs-slides>\n\t\t\t\t\t<rs-static-layers><!--\n\t\t\t\t\t--><\/rs-static-layers>\n\t\t\t\t\t<rs-progress class=\"rs-bottom\" style=\"visibility: hidden !important;\"><\/rs-progress>\n\t\t\t\t<\/rs-module>\n\t\t\t\t<script type=\"text\/javascript\">\n\t\t\t\t\tsetREVStartSize({c: 'rev_slider_6_1',rl:[1300,1024,778,480],el:[500,600,600,600],gw:[1400,1280,900,480],gh:[500,600,600,600],layout:'fullwidth',mh:\"0\"});\n\t\t\t\t\tvar\trevapi6,\n\t\t\t\t\t\ttpj;\n\t\t\t\t\tjQuery(function() {\n\t\t\t\t\t\ttpj = jQuery;\n\t\t\t\t\t\tif(tpj(\"#rev_slider_6_1\").revolution == undefined){\n\t\t\t\t\t\t\trevslider_showDoubleJqueryError(\"#rev_slider_6_1\");\n\t\t\t\t\t\t}else{\n\t\t\t\t\t\t\trevapi6 = tpj(\"#rev_slider_6_1\").show().revolution({\n\t\t\t\t\t\t\t\tjsFileLocation:\"\/\/motors.cl\/catalogo\/wp-content\/plugins\/revslider\/public\/assets\/js\/\",\n\t\t\t\t\t\t\t\tsliderLayout:\"fullwidth\",\n\t\t\t\t\t\t\t\tduration:3500,\n\t\t\t\t\t\t\t\tvisibilityLevels:\"1300,1024,778,480\",\n\t\t\t\t\t\t\t\tgridwidth:\"1400,1280,900,480\",\n\t\t\t\t\t\t\t\tgridheight:\"500,600,600,600\",\n\t\t\t\t\t\t\t\tminHeight:\"\",\n\t\t\t\t\t\t\t\teditorheight:\"500,600,600,600\",\n\t\t\t\t\t\t\t\tresponsiveLevels:\"1300,1024,778,480\",\n\t\t\t\t\t\t\t\tdisableProgressBar:\"on\",\n\t\t\t\t\t\t\t\tnavigation: {\n\t\t\t\t\t\t\t\t\tonHoverStop:false\n\t\t\t\t\t\t\t\t},\n\t\t\t\t\t\t\t\tviewPort: {\n\t\t\t\t\t\t\t\t\tenable:true,\n\t\t\t\t\t\t\t\t\tvisible_area:\"2%\"\n\t\t\t\t\t\t\t\t},\n\t\t\t\t\t\t\t\tfallbacks: {\n\t\t\t\t\t\t\t\t\tallowHTML5AutoPlayOnAndroid:true\n\t\t\t\t\t\t\t\t},\n\t\t\t\t\t\t\t});\n\t\t\t\t\t\t}\n\t\t\t\t\t\t\n\t\t\t\t\t});\n\t\t\t\t<\/script>\n\t\t\t<\/rs-module-wrap>\n\t\t\t<!-- END REVOLUTION SLIDER -->\n[\/vc_column][\/vc_row][vc_row css_animation=\u00bb\u00bb row_type=\u00bbrow\u00bb use_row_as_full_screen_section=\u00bbno\u00bb type=\u00bbgrid\u00bb angled_section=\u00bbno\u00bb text_align=\u00bbleft\u00bb background_image_as_pattern=\u00bbwithout_pattern\u00bb padding_top=\u00bb60&#8243; padding_bottom=\u00bb60&#8243; css=\u00bb.vc_custom_1675689850580{background-color: #fcfcfc !important;}\u00bb z_index=\u00bb\u00bb][vc_column][vc_row_inner row_type=\u00bbrow\u00bb type=\u00bbfull_width\u00bb text_align=\u00bbleft\u00bb css_animation=\u00bb\u00bb][vc_column_inner width=\u00bb1\/2&#8243;][vc_single_image image=\u00bb2168&#8243; img_size=\u00bb629&#215;448&#8243; qode_css_animation=\u00bb\u00bb][\/vc_column_inner][vc_column_inner width=\u00bb1\/2&#8243;][vc_column_text]<\/p>\n<h3 style=\"text-align: left;\"><span style=\"color: #000000;\">Experiencia<\/span><\/h3>\n<p>[\/vc_column_text][vc_column_text]Dedicados a la mantenci\u00f3n y reparaci\u00f3n de veh\u00edculos desde 1979. En estos m\u00e1s de 40 a\u00f1os hemos visto y reparado de todo lo que te podr\u00e1s imaginar, y as\u00ed mismo hemos aprendido y evolucionado a la par con las nuevas tecnolog\u00edas de la industria automotriz.<\/p>\n<p>Iniciamos en un peque\u00f1o local ubicado en Lira 616. En el a\u00f1o 1992 nos trasladamos a Calle Carmen 856; donde funciona hasta el d\u00eda de hoy nuestra casa matriz y desde donde nos hemos expandido a 4 sucursales para estar m\u00e1s cerca de nuestros clientes, compartiendo nuestra filosof\u00eda de calidad y atenci\u00f3n al cliente.[\/vc_column_text][\/vc_column_inner][\/vc_row_inner][vc_raw_html]JTVCeHl6LWlwcyUyMHNuaXBwZXQlM0QlMjJidXNjYWRvci1uZXVtYXRpY29zLXBydWViYSUyMiU1RA==[\/vc_raw_html][\/vc_column][\/vc_row][vc_row css_animation=\u00bb\u00bb row_type=\u00bbrow\u00bb use_row_as_full_screen_section=\u00bbno\u00bb type=\u00bbgrid\u00bb angled_section=\u00bbno\u00bb text_align=\u00bbleft\u00bb background_image_as_pattern=\u00bbwithout_pattern\u00bb padding_top=\u00bb60&#8243; padding_bottom=\u00bb60&#8243; css=\u00bb.vc_custom_1675689850580{background-color: #fcfcfc !important;}\u00bb z_index=\u00bb\u00bb][vc_column][vc_row_inner row_type=\u00bbrow\u00bb type=\u00bbfull_width\u00bb text_align=\u00bbleft\u00bb css_animation=\u00bb\u00bb][vc_column_inner width=\u00bb1\/2&#8243;][vc_column_text]<\/p>\n<h3 style=\"text-align: left;\"><span style=\"color: #000000;\">Tecnolog\u00eda Avanzada<\/span><\/h3>\n<p>[\/vc_column_text][vc_column_text]En nuestra constante preocupaci\u00f3n por entender y solucionar eficientemente cada problema al que se ven enfrentados nuestros clientes con sus autom\u00f3viles, es que estamos atentos a cada nueva tecnolog\u00eda.<\/p>\n<p>Primero nos especializamos en inyecci\u00f3n electr\u00f3nica de gasolina, capacitamos a muchos de los mejores profesionales en el \u00e1rea, e introdujimos en la industria los equipos para el correcto diagn\u00f3stico y reparaci\u00f3n de los problemas en inyecci\u00f3n.<\/p>\n<p>Luego incorporamos a nuestra base de conocimientos la tecnolog\u00eda DI\u00c9SEL, invirtiendo en capacitaci\u00f3n y maquinaria importada directamente desde Europa, la cu\u00e1l nos permite diagnosticar y solucionar los problemas para todos los veh\u00edculos Di\u00e9sel que incorporan la moderna tecnolog\u00eda Common Rail, brindando prestaciones tanto para la comunidad de servicios automotrices como para clientes finales.<\/p>\n<p>Nuestra \u00faltima incorporaci\u00f3n es el tecnolog\u00eda para limpiar el filtro de part\u00edculas de veh\u00edculos Diesel. Proporcionando a nuestros clientes la mejor alternativa para mantener su auto dentro de los est\u00e1ndares medioambientales que obliga la norma en Chile.[\/vc_column_text][\/vc_column_inner][vc_column_inner width=\u00bb1\/2&#8243;][vc_single_image image=\u00bb2171&#8243; img_size=\u00bb540&#215;540&#8243; qode_css_animation=\u00bb\u00bb][\/vc_column_inner][\/vc_row_inner][\/vc_column][\/vc_row][vc_row css_animation=\u00bb\u00bb row_type=\u00bbrow\u00bb use_row_as_full_screen_section=\u00bbno\u00bb type=\u00bbgrid\u00bb angled_section=\u00bbno\u00bb text_align=\u00bbleft\u00bb background_image_as_pattern=\u00bbwithout_pattern\u00bb z_index=\u00bb\u00bb padding_top=\u00bb60&#8243; padding_bottom=\u00bb60&#8243; css=\u00bb.vc_custom_1675700901704{border-top-width: 300px !important;border-bottom-width: 300px !important;background-image: url(https:\/\/motors.cl\/catalogo\/wp-content\/uploads\/2023\/02\/bg.jpg?id=2174) !important;background-position: center !important;background-repeat: no-repeat !important;background-size: cover !important;}\u00bb][vc_column][vc_row_inner row_type=\u00bbrow\u00bb type=\u00bbfull_width\u00bb text_align=\u00bbleft\u00bb css_animation=\u00bb\u00bb][vc_column_inner width=\u00bb1\/2&#8243;][vc_single_image image=\u00bb2175&#8243; img_size=\u00bb528&#215;537&#8243; alignment=\u00bbcenter\u00bb qode_css_animation=\u00bb\u00bb][\/vc_column_inner][vc_column_inner width=\u00bb1\/2&#8243;][vc_empty_space height=\u00bb50px\u00bb][vc_column_text]<\/p>\n<h3 style=\"text-align: left;\"><span style=\"color: #ffffff;\">Transparencia<\/span><\/h3>\n<p>[\/vc_column_text][vc_column_text]<span style=\"color: #ffffff;\">Cada vez que nos visitas te entregamos un diagn\u00f3stico detallado con lo que necesita tu veh\u00edculo. Te explicamos en t\u00e9rminos claros y sencillos cu\u00e1l es el problema con tu auto y qu\u00e9 es lo que se necesita para sus reparaciones, incluyendo el detalle de los repuestos y costos asociados.<\/span><\/p>\n<p><span style=\"color: #ffffff;\">En nuestras instalaciones te podr\u00e1s sentir c\u00f3modo y observar como se realiza el trabajo. Nuestros mec\u00e1nicos responden todas tus dudas.<\/span><\/p>\n<p><span style=\"color: #ffffff;\">Si hay que reemplazar repuestos, te entregamos los antiguos para que est\u00e9s seguro que efectivamente cambiamos las partes defectuosas de tu auto.<\/span>[\/vc_column_text][\/vc_column_inner][\/vc_row_inner][\/vc_column][\/vc_row][vc_row css_animation=\u00bb\u00bb row_type=\u00bbrow\u00bb use_row_as_full_screen_section=\u00bbno\u00bb type=\u00bbgrid\u00bb angled_section=\u00bbno\u00bb text_align=\u00bbleft\u00bb background_image_as_pattern=\u00bbwithout_pattern\u00bb padding_top=\u00bb60&#8243; padding_bottom=\u00bb60&#8243; css=\u00bb.vc_custom_1675689850580{background-color: #fcfcfc !important;}\u00bb z_index=\u00bb\u00bb][vc_column][vc_row_inner row_type=\u00bbrow\u00bb type=\u00bbfull_width\u00bb text_align=\u00bbleft\u00bb css_animation=\u00bb\u00bb][vc_column_inner][vc_column_text]<\/p>\n<h3 style=\"text-align: center;\"><span style=\"color: #000000;\">Calidad y Precio<\/span><\/h3>\n<p>[\/vc_column_text][vc_column_text]<\/p>\n<p style=\"text-align: center;\">Sabemos que tienes cosas m\u00e1s importantes que hacer que venir al mec\u00e1nico, por eso no queremos que vengas seguido. Nuestro compromiso es entregarte un servicio de calidad, y eso no lo podemos hacer si cobramos muy barato. Ya conoces el dicho, lo barato sale caro.<\/p>\n<p style=\"text-align: center;\">Eso si, ten por seguro que lo que pagas es un precio justo. Nuestros precios no ser\u00e1n los m\u00e1s baratos, pero tampoco los m\u00e1s caros. Es cosa que compares en Google y te dar\u00e1s cuenta.<\/p>\n<p>[\/vc_column_text][\/vc_column_inner][\/vc_row_inner][vc_empty_space height=\u00bb50px\u00bb][vc_row_inner row_type=\u00bbrow\u00bb type=\u00bbfull_width\u00bb text_align=\u00bbleft\u00bb css_animation=\u00bb\u00bb][vc_column_inner width=\u00bb1\/3&#8243;][vc_single_image image=\u00bb2180&#8243; img_size=\u00bb340&#215;340&#8243; qode_css_animation=\u00bb\u00bb][\/vc_column_inner][vc_column_inner width=\u00bb1\/3&#8243;][vc_single_image image=\u00bb2181&#8243; img_size=\u00bb340&#215;340&#8243; qode_css_animation=\u00bb\u00bb][\/vc_column_inner][vc_column_inner width=\u00bb1\/3&#8243;][vc_single_image image=\u00bb2182&#8243; img_size=\u00bb340&#215;340&#8243; qode_css_animation=\u00bb\u00bb][\/vc_column_inner][\/vc_row_inner][\/vc_column][\/vc_row][vc_row css_animation=\u00bb\u00bb row_type=\u00bbrow\u00bb use_row_as_full_screen_section=\u00bbno\u00bb type=\u00bbgrid\u00bb angled_section=\u00bbno\u00bb text_align=\u00bbleft\u00bb background_image_as_pattern=\u00bbwithout_pattern\u00bb padding_top=\u00bb60&#8243; padding_bottom=\u00bb60&#8243; z_index=\u00bb\u00bb][vc_column][vc_row_inner row_type=\u00bbrow\u00bb type=\u00bbfull_width\u00bb text_align=\u00bbleft\u00bb css_animation=\u00bb\u00bb css=\u00bb.vc_custom_1675704660655{border-bottom-width: -200px !important;}\u00bb][vc_column_inner width=\u00bb1\/2&#8243;][vc_single_image image=\u00bb2184&#8243; img_size=\u00bb583&#215;584&#8243; alignment=\u00bbcenter\u00bb qode_css_animation=\u00bb\u00bb][\/vc_column_inner][vc_column_inner width=\u00bb1\/2&#8243;][vc_column_text]<\/p>\n<h3 style=\"text-align: left;\"><span style=\"color: #000000;\">Amabilidad, cercan\u00eda y comodidad<\/span><\/h3>\n<p>[\/vc_column_text][vc_column_text]<\/p>\n<p style=\"text-align: left;\">Sabemos que tienes cosas m\u00e1s importantes que hacer que venir al mec\u00e1nico, por eso no queremos que vengas seguido. Nuestro compromiso es entregarte un servicio de calidad, y eso no lo podemos hacer si cobramos muy barato. Ya conoces el dicho, lo barato sale caro.<\/p>\n<p style=\"text-align: left;\">Eso si, ten por seguro que lo que pagas es un precio justo. Nuestros precios no ser\u00e1n los m\u00e1s baratos, pero tampoco los m\u00e1s caros. Es cosa que compares en Google y te dar\u00e1s cuenta.<\/p>\n<p>[\/vc_column_text][\/vc_column_inner][\/vc_row_inner][\/vc_column][\/vc_row][vc_row css_animation=\u00bb\u00bb row_type=\u00bbrow\u00bb use_row_as_full_screen_section=\u00bbno\u00bb type=\u00bbgrid\u00bb angled_section=\u00bbno\u00bb text_align=\u00bbleft\u00bb background_image_as_pattern=\u00bbwithout_pattern\u00bb padding_top=\u00bb100&#8243; padding_bottom=\u00bb100&#8243; css=\u00bb.vc_custom_1675792285691{border-top-width: 300px !important;border-bottom-width: 300px !important;background-color: #0a0000 !important;}\u00bb z_index=\u00bb\u00bb][vc_column][vc_row_inner row_type=\u00bbrow\u00bb type=\u00bbfull_width\u00bb text_align=\u00bbleft\u00bb css_animation=\u00bb\u00bb][vc_column_inner width=\u00bb1\/2&#8243;][vc_column_text]<\/p>\n<h3 style=\"text-align: left;\"><span style=\"color: #ffffff;\">Rapidez<\/span><\/h3>\n<p>[\/vc_column_text][vc_column_text]<span style=\"color: #ffffff;\">Sabemos que tu tiempo es importante, y que preferir\u00edas estar en cualquier otro lugar en vez de en el mec\u00e1nico. Por eso nos preocupamos de entregar un servicio r\u00e1pido, y de excelente calidad, para que no tengas que volver antes de lo necesario. Puedes agendar el servicio que necesitas, o venir directamente a cualquiera de nuestros locales, donde podr\u00e1s esperar c\u00f3modamente, o presenciar el servicio que se le hace a tu auto. Si es una mantenci\u00f3n, en dos a tres horas estar\u00e1s listo.<span class=\"Apple-converted-space\">\u00a0<\/span><\/span><\/p>\n<p><span style=\"color: #ffffff;\">Si hay que reemplazar repuestos, te entregamos los antiguos para que est\u00e9s seguro que efectivamente cambiamos las partes defectuosas de tu auto.<\/span>[\/vc_column_text][\/vc_column_inner][vc_column_inner width=\u00bb1\/2&#8243;][vc_single_image image=\u00bb2191&#8243; img_size=\u00bb463&#215;308&#8243; qode_css_animation=\u00bb\u00bb][\/vc_column_inner][\/vc_row_inner][\/vc_column][\/vc_row][vc_row css_animation=\u00bb\u00bb row_type=\u00bbrow\u00bb use_row_as_full_screen_section=\u00bbno\u00bb type=\u00bbgrid\u00bb angled_section=\u00bbno\u00bb text_align=\u00bbleft\u00bb background_image_as_pattern=\u00bbwithout_pattern\u00bb padding_top=\u00bb50&#8243; padding_bottom=\u00bb50&#8243; css=\u00bb.vc_custom_1675793887644{border-top-width: 150px !important;border-bottom-width: 150px !important;background-color: #e10000 !important;}\u00bb z_index=\u00bb\u00bb][vc_column][vc_row_inner row_type=\u00bbrow\u00bb type=\u00bbfull_width\u00bb text_align=\u00bbleft\u00bb css_animation=\u00bb\u00bb][vc_column_inner width=\u00bb1\/4&#8243;][vc_single_image image=\u00bb2197&#8243; img_size=\u00bb178&#215;178&#8243; qode_css_animation=\u00bb\u00bb][\/vc_column_inner][vc_column_inner width=\u00bb3\/4&#8243;][vc_empty_space height=\u00bb50px\u00bb][vc_column_text]<\/p>\n<h3 style=\"text-align: left;\"><span style=\"color: #ffffff;\">Garant\u00eda<\/span><\/h3>\n<p>[\/vc_column_text][vc_column_text]<span style=\"color: #ffffff;\">Si no quedaste contento con el servicio, y piensas que algo no qued\u00f3 lo suficientemente bien con tu auto, lo solucionamos. Adem\u00e1s, los neum\u00e1ticos y repuestos cuentan con garant\u00eda.<\/span>[\/vc_column_text][\/vc_column_inner][\/vc_row_inner][\/vc_column][\/vc_row]<\/p>\n","protected":false},"excerpt":{"rendered":"<p>[vc_row css_animation=\u00bb\u00bb row_type=\u00bbrow\u00bb use_row_as_full_screen_section=\u00bbno\u00bb type=\u00bbgrid\u00bb angled_section=\u00bbno\u00bb text_align=\u00bbleft\u00bb background_image_as_pattern=\u00bbwithout_pattern\u00bb z_index=\u00bb\u00bb css=\u00bb.vc_custom_1616532478933{background-color: #ffffff !important;}\u00bb][vc_column offset=\u00bbvc_hidden-sm vc_hidden-xs\u00bb][\/vc_column][\/vc_row][vc_row css_animation=\u00bb\u00bb row_type=\u00bbrow\u00bb use_row_as_full_screen_section=\u00bbno\u00bb type=\u00bbgrid\u00bb angled_section=\u00bbno\u00bb text_align=\u00bbleft\u00bb background_image_as_pattern=\u00bbwithout_pattern\u00bb padding_top=\u00bb60&#8243; padding_bottom=\u00bb60&#8243; css=\u00bb.vc_custom_1675689850580{background-color: #fcfcfc !important;}\u00bb z_index=\u00bb\u00bb][vc_column][vc_row_inner row_type=\u00bbrow\u00bb type=\u00bbfull_width\u00bb text_align=\u00bbleft\u00bb css_animation=\u00bb\u00bb][vc_column_inner width=\u00bb1\/2&#8243;][vc_single_image image=\u00bb2168&#8243; img_size=\u00bb629&#215;448&#8243; qode_css_animation=\u00bb\u00bb][\/vc_column_inner][vc_column_inner width=\u00bb1\/2&#8243;][vc_column_text] Experiencia [\/vc_column_text][vc_column_text]Dedicados a la mantenci\u00f3n y reparaci\u00f3n de veh\u00edculos&#8230;<\/p>\n","protected":false},"author":1,"featured_media":0,"parent":0,"menu_order":0,"comment_status":"closed","ping_status":"closed","template":"full_width.php","meta":[],"_links":{"self":[{"href":"https:\/\/motors.cl\/catalogo\/wp-json\/wp\/v2\/pages\/132"}],"collection":[{"href":"https:\/\/motors.cl\/catalogo\/wp-json\/wp\/v2\/pages"}],"about":[{"href":"https:\/\/motors.cl\/catalogo\/wp-json\/wp\/v2\/types\/page"}],"author":[{"embeddable":true,"href":"https:\/\/motors.cl\/catalogo\/wp-json\/wp\/v2\/users\/1"}],"replies":[{"embeddable":true,"href":"https:\/\/motors.cl\/catalogo\/wp-json\/wp\/v2\/comments?post=132"}],"version-history":[{"count":53,"href":"https:\/\/motors.cl\/catalogo\/wp-json\/wp\/v2\/pages\/132\/revisions"}],"predecessor-version":[{"id":2892,"href":"https:\/\/motors.cl\/catalogo\/wp-json\/wp\/v2\/pages\/132\/revisions\/2892"}],"wp:attachment":[{"href":"https:\/\/motors.cl\/catalogo\/wp-json\/wp\/v2\/media?parent=132"}],"curies":[{"name":"wp","href":"https:\/\/api.w.org\/{rel}","templated":true}]}}