{"id":1108,"date":"2022-03-28T16:11:01","date_gmt":"2022-03-28T19:11:01","guid":{"rendered":"https:\/\/motors.cl\/catalogo\/?page_id=1108"},"modified":"2025-05-26T17:53:15","modified_gmt":"2025-05-26T20:53:15","slug":"revision-costo-cero","status":"publish","type":"page","link":"https:\/\/motors.cl\/catalogo\/revision-costo-cero\/","title":{"rendered":"Revision Costo Cero"},"content":{"rendered":"<p>[vc_row css_animation=\u00bb\u00bb row_type=\u00bbrow\u00bb use_row_as_full_screen_section=\u00bbno\u00bb type=\u00bbgrid\u00bb angled_section=\u00bbno\u00bb text_align=\u00bbleft\u00bb background_image_as_pattern=\u00bbwithout_pattern\u00bb z_index=\u00bb\u00bb][vc_column][vc_empty_space height=\u00bb16px\u00bb][vc_single_image image=\u00bb1654&#8243; img_size=\u00bbfull\u00bb qode_css_animation=\u00bb\u00bb][\/vc_column][\/vc_row][vc_row css_animation=\u00bb\u00bb row_type=\u00bbrow\u00bb use_row_as_full_screen_section=\u00bbno\u00bb type=\u00bbgrid\u00bb angled_section=\u00bbno\u00bb text_align=\u00bbleft\u00bb background_image_as_pattern=\u00bbwithout_pattern\u00bb z_index=\u00bb\u00bb][vc_column width=\u00bb1\/2&#8243;][vc_empty_space][vc_column_text]<\/p>\n<p style=\"font-weight: 400;\"><strong>Requisitos:<\/strong><\/p>\n<ul>\n<li style=\"font-weight: 400;\">Agenda previa en nuestra p\u00e1gina Web. (disponibilidad de acuerdo a sucursales)<\/li>\n<\/ul>\n<p>[\/vc_column_text][\/vc_column][vc_column width=\u00bb1\/2&#8243;][vc_empty_space][vc_column_text]<\/p>\n<p style=\"font-weight: 400;\"><strong>Se revisan los siguientes puntos:<\/strong><\/p>\n<p>Frenos, Neum\u00e1ticos, Tren Delantero, Suspensi\u00f3n, Revisi\u00f3n estado de \u00a0Bater\u00eda y Carga, Revisi\u00f3n nivel de Lubricante, Revisi\u00f3n nivel de L\u00edquido de Frenos, Revisi\u00f3n nivel direcci\u00f3n hidr\u00e1ulica, Revisi\u00f3n de Luces.[\/vc_column_text][\/vc_column][\/vc_row][vc_row css_animation=\u00bb\u00bb row_type=\u00bbrow\u00bb use_row_as_full_screen_section=\u00bbno\u00bb type=\u00bbgrid\u00bb angled_section=\u00bbno\u00bb text_align=\u00bbleft\u00bb background_image_as_pattern=\u00bbwithout_pattern\u00bb z_index=\u00bb\u00bb padding_top=\u00bb34&#8243; padding_bottom=\u00bb60&#8243;][vc_column][vc_raw_html]JTVCeHl6LWlwcyUyMHNuaXBwZXQlM0QlMjJmb3JtdWxhcmlvLXByb3RvdGlwbyUyMiU1RA==[\/vc_raw_html][\/vc_column][\/vc_row][vc_row css_animation=\u00bb\u00bb row_type=\u00bbrow\u00bb use_row_as_full_screen_section=\u00bbno\u00bb type=\u00bbgrid\u00bb angled_section=\u00bbno\u00bb text_align=\u00bbleft\u00bb background_image_as_pattern=\u00bbwithout_pattern\u00bb z_index=\u00bb\u00bb padding_top=\u00bb20&#8243; padding_bottom=\u00bb20&#8243; css=\u00bb.vc_custom_1618367977756{background-color: #1668ff !important;}\u00bb][vc_column width=\u00bb1\/4&#8243;][vc_single_image image=\u00bb504&#8243; alignment=\u00bbcenter\u00bb qode_css_animation=\u00bb\u00bb][vc_column_text]<\/p>\n<h4 style=\"text-align: center; color: #ffffff;\">Elija sus neum\u00e1ticos<\/h4>\n<p>[\/vc_column_text][\/vc_column][vc_column width=\u00bb1\/4&#8243;][vc_single_image image=\u00bb507&#8243; alignment=\u00bbcenter\u00bb qode_css_animation=\u00bb\u00bb][vc_column_text]<\/p>\n<h4 style=\"text-align: center; color: #ffffff;\">Seleccione la sucursal para<br \/>\nsu instalaci\u00f3n<\/h4>\n<p>[\/vc_column_text][\/vc_column][vc_column width=\u00bb1\/4&#8243;][vc_single_image image=\u00bb506&#8243; alignment=\u00bbcenter\u00bb qode_css_animation=\u00bb\u00bb][vc_column_text]<\/p>\n<h4 style=\"color: #ffffff; text-align: center;\">Seleccione la fecha<br \/>\nde instalaci\u00f3n<\/h4>\n<p>[\/vc_column_text][\/vc_column][vc_column width=\u00bb1\/4&#8243;][vc_single_image image=\u00bb505&#8243; alignment=\u00bbcenter\u00bb qode_css_animation=\u00bb\u00bb][vc_column_text]<\/p>\n<h4 style=\"text-align: center; color: #ffffff;\">Pague los neum\u00e1ticos<\/h4>\n<p>[\/vc_column_text][\/vc_column][\/vc_row][vc_row css_animation=\u00bb\u00bb row_type=\u00bbrow\u00bb use_row_as_full_screen_section=\u00bbno\u00bb type=\u00bbgrid\u00bb angled_section=\u00bbno\u00bb text_align=\u00bbcenter\u00bb background_image_as_pattern=\u00bbwithout_pattern\u00bb padding_top=\u00bb60&#8243; padding_bottom=\u00bb30&#8243; css=\u00bb.vc_custom_1687301590922{background-color: #fdc202 !important;}\u00bb z_index=\u00bb\u00bb][vc_column width=\u00bb1\/2&#8243;][vc_empty_space height=\u00bb15&#8243;][vc_column_text]<\/p>\n<h1>Tienes Consultas?<\/h1>\n<h5>Un experto te asesorar\u00e1.<\/h5>\n<p>[\/vc_column_text][vc_empty_space height=\u00bb30px\u00bb][\/vc_column][vc_column width=\u00bb1\/6&#8243;][vc_empty_space height=\u00bb15&#8243;]<a  itemprop=\"url\" href=\"tel:+56233004053\" target=\"_self\" data-hover-background-color=#000000 data-hover-border-color=#000000  class=\"qbutton  default\" style=\"border-color: #ffffff; background-color: #ffffff;\">Tel\u00e9fono<i class=\"qodef-icon-dripicons dripicon dripicons-phone qode_button_icon_element\" style=\"\" ><\/i><\/a>[vc_empty_space height=\u00bb30px\u00bb][\/vc_column][vc_column width=\u00bb1\/6&#8243;][vc_empty_space height=\u00bb15&#8243;]<a  itemprop=\"url\" href=\"https:\/\/api.whatsapp.com\/send\/?phone=56983511677&amp;text&amp;type=phone_number&amp;app_absent=0\" target=\"_blank\" data-hover-background-color=#000000 data-hover-border-color=#000000  class=\"qbutton  default\" style=\"border-color: #f4f4f4; background-color: #ffffff;\">Whatsaap<i class=\"qode_icon_font_awesome fa fa-whatsapp qode_button_icon_element\" style=\"\" ><\/i><\/a>[vc_empty_space height=\u00bb30px\u00bb][\/vc_column][vc_column width=\u00bb1\/6&#8243;][vc_empty_space height=\u00bb15&#8243;]<a  itemprop=\"url\" href=\"https:\/\/motors.cl\/catalogo\/contacto\/\" target=\"_blank\" data-hover-background-color=#000000 data-hover-border-color=#000000  class=\"qbutton  default\" style=\"border-color: #ffffff; background-color: #ffffff;\">Contacto<i class=\"qode_icon_font_awesome fa fa-envelope-o qode_button_icon_element\" style=\"\" ><\/i><\/a>[vc_empty_space height=\u00bb30px\u00bb][\/vc_column][\/vc_row]<\/p>\n","protected":false},"excerpt":{"rendered":"<p>[vc_row css_animation=\u00bb\u00bb row_type=\u00bbrow\u00bb use_row_as_full_screen_section=\u00bbno\u00bb type=\u00bbgrid\u00bb angled_section=\u00bbno\u00bb text_align=\u00bbleft\u00bb background_image_as_pattern=\u00bbwithout_pattern\u00bb z_index=\u00bb\u00bb][vc_column][vc_empty_space height=\u00bb16px\u00bb][vc_single_image image=\u00bb1654&#8243; img_size=\u00bbfull\u00bb qode_css_animation=\u00bb\u00bb][\/vc_column][\/vc_row][vc_row css_animation=\u00bb\u00bb row_type=\u00bbrow\u00bb use_row_as_full_screen_section=\u00bbno\u00bb type=\u00bbgrid\u00bb angled_section=\u00bbno\u00bb text_align=\u00bbleft\u00bb background_image_as_pattern=\u00bbwithout_pattern\u00bb z_index=\u00bb\u00bb][vc_column width=\u00bb1\/2&#8243;][vc_empty_space][vc_column_text] Requisitos: Agenda previa en nuestra p\u00e1gina Web. (disponibilidad de acuerdo a sucursales) [\/vc_column_text][\/vc_column][vc_column width=\u00bb1\/2&#8243;][vc_empty_space][vc_column_text] Se revisan los siguientes puntos: Frenos, Neum\u00e1ticos, Tren Delantero,&#8230;<\/p>\n","protected":false},"author":1,"featured_media":0,"parent":0,"menu_order":0,"comment_status":"closed","ping_status":"closed","template":"full_width.php","meta":[],"_links":{"self":[{"href":"https:\/\/motors.cl\/catalogo\/wp-json\/wp\/v2\/pages\/1108"}],"collection":[{"href":"https:\/\/motors.cl\/catalogo\/wp-json\/wp\/v2\/pages"}],"about":[{"href":"https:\/\/motors.cl\/catalogo\/wp-json\/wp\/v2\/types\/page"}],"author":[{"embeddable":true,"href":"https:\/\/motors.cl\/catalogo\/wp-json\/wp\/v2\/users\/1"}],"replies":[{"embeddable":true,"href":"https:\/\/motors.cl\/catalogo\/wp-json\/wp\/v2\/comments?post=1108"}],"version-history":[{"count":32,"href":"https:\/\/motors.cl\/catalogo\/wp-json\/wp\/v2\/pages\/1108\/revisions"}],"predecessor-version":[{"id":2927,"href":"https:\/\/motors.cl\/catalogo\/wp-json\/wp\/v2\/pages\/1108\/revisions\/2927"}],"wp:attachment":[{"href":"https:\/\/motors.cl\/catalogo\/wp-json\/wp\/v2\/media?parent=1108"}],"curies":[{"name":"wp","href":"https:\/\/api.w.org\/{rel}","templated":true}]}}